{"id":26,"date":"2025-09-03T07:24:15","date_gmt":"2025-09-03T07:24:15","guid":{"rendered":"https:\/\/next26657.elev.nextkbh.dk\/?page_id=26"},"modified":"2025-09-03T10:31:44","modified_gmt":"2025-09-03T10:31:44","slug":"om-mig","status":"publish","type":"page","link":"https:\/\/next26657.elev.nextkbh.dk\/?page_id=26","title":{"rendered":"Om mig"},"content":{"rendered":"\n<div class=\"wp-block-columns is-layout-flex wp-container-core-columns-is-layout-9d6595d7 wp-block-columns-is-layout-flex\">\n<div class=\"wp-block-column is-layout-flow wp-block-column-is-layout-flow\"><\/div>\n\n\n\n<div class=\"wp-block-column is-layout-flow wp-block-column-is-layout-flow\" style=\"flex-basis:800px\">\n<p class=\"has-black-color has-text-color has-link-color wp-elements-f8df7559deb5e438394b03ab65b1fa40\">Mit navn er Asger Tomfrid Nielsen, jeg er 26 \u00e5r og arbejder til daglig hos reklamebureauet BrandMe, hvor jeg er med til at l\u00f8se opgaver, der sp\u00e6nder fra trykte produktioner til digitale l\u00f8sninger. Jeg br\u00e6nder for grafisk design og nyder at skabe visuelle udtryk, der b\u00e5de er funktionelle og \u00e6stetiske.<br><br>N\u00e5r jeg ikke sidder foran sk\u00e6rmen, kan jeg ofte findes p\u00e5 Amager, hvor jeg tr\u00e6ner parkour \u2013 en sport der ligesom mit arbejde kr\u00e6ver b\u00e5de kreativitet, pr\u00e6cision og mod. Jeg har ogs\u00e5 en firbenet tr\u00e6ningsmakker, min hund Munken, som f\u00f8lger mig trofast i hverdagen.<\/p>\n<\/div>\n\n\n\n<div class=\"wp-block-column is-layout-flow wp-block-column-is-layout-flow\"><\/div>\n<\/div>\n\n\n<div class=\"wp-block-image wp-duotone-unset-1\">\n<figure class=\"aligncenter size-large is-resized\"><img loading=\"lazy\" decoding=\"async\" width=\"1024\" height=\"595\" src=\"https:\/\/next26657.elev.nextkbh.dk\/wp-content\/uploads\/2025\/09\/asger-portraet-1024x595.jpg\" alt=\"\" class=\"wp-image-29\" style=\"width:460px;height:auto\" srcset=\"https:\/\/next26657.elev.nextkbh.dk\/wp-content\/uploads\/2025\/09\/asger-portraet-1024x595.jpg 1024w, https:\/\/next26657.elev.nextkbh.dk\/wp-content\/uploads\/2025\/09\/asger-portraet-300x174.jpg 300w, https:\/\/next26657.elev.nextkbh.dk\/wp-content\/uploads\/2025\/09\/asger-portraet-768x446.jpg 768w, https:\/\/next26657.elev.nextkbh.dk\/wp-content\/uploads\/2025\/09\/asger-portraet-1536x892.jpg 1536w, https:\/\/next26657.elev.nextkbh.dk\/wp-content\/uploads\/2025\/09\/asger-portraet.jpg 1920w\" sizes=\"auto, (max-width: 1024px) 100vw, 1024px\" \/><\/figure><\/div>\n\n\n<hr class=\"wp-block-separator has-text-color has-red-color has-alpha-channel-opacity has-red-background-color has-background is-style-default\"\/>\n","protected":false},"excerpt":{"rendered":"<p>Mit navn er Asger Tomfrid Nielsen, jeg er 26 \u00e5r [&hellip;]<\/p>\n","protected":false},"author":1,"featured_media":0,"parent":0,"menu_order":0,"comment_status":"closed","ping_status":"closed","template":"","meta":{"footnotes":""},"class_list":["post-26","page","type-page","status-publish","hentry"],"_links":{"self":[{"href":"https:\/\/next26657.elev.nextkbh.dk\/index.php?rest_route=\/wp\/v2\/pages\/26","targetHints":{"allow":["GET"]}}],"collection":[{"href":"https:\/\/next26657.elev.nextkbh.dk\/index.php?rest_route=\/wp\/v2\/pages"}],"about":[{"href":"https:\/\/next26657.elev.nextkbh.dk\/index.php?rest_route=\/wp\/v2\/types\/page"}],"author":[{"embeddable":true,"href":"https:\/\/next26657.elev.nextkbh.dk\/index.php?rest_route=\/wp\/v2\/users\/1"}],"replies":[{"embeddable":true,"href":"https:\/\/next26657.elev.nextkbh.dk\/index.php?rest_route=%2Fwp%2Fv2%2Fcomments&post=26"}],"version-history":[{"count":12,"href":"https:\/\/next26657.elev.nextkbh.dk\/index.php?rest_route=\/wp\/v2\/pages\/26\/revisions"}],"predecessor-version":[{"id":172,"href":"https:\/\/next26657.elev.nextkbh.dk\/index.php?rest_route=\/wp\/v2\/pages\/26\/revisions\/172"}],"wp:attachment":[{"href":"https:\/\/next26657.elev.nextkbh.dk\/index.php?rest_route=%2Fwp%2Fv2%2Fmedia&parent=26"}],"curies":[{"name":"wp","href":"https:\/\/api.w.org\/{rel}","templated":true}]}}