{"id":34,"date":"2025-09-03T07:29:10","date_gmt":"2025-09-03T07:29:10","guid":{"rendered":"https:\/\/next26657.elev.nextkbh.dk\/?page_id=34"},"modified":"2025-09-03T11:30:29","modified_gmt":"2025-09-03T11:30:29","slug":"logo","status":"publish","type":"page","link":"https:\/\/next26657.elev.nextkbh.dk\/?page_id=34","title":{"rendered":"Logo"},"content":{"rendered":"<div class=\"wp-block-image\">\n<figure class=\"aligncenter size-large is-resized\"><img loading=\"lazy\" decoding=\"async\" width=\"1024\" height=\"683\" src=\"https:\/\/next26657.elev.nextkbh.dk\/wp-content\/uploads\/2025\/09\/mockup-logo-zoo-1-1024x683.jpg\" alt=\"\" class=\"wp-image-153\" style=\"width:837px;height:auto\" srcset=\"https:\/\/next26657.elev.nextkbh.dk\/wp-content\/uploads\/2025\/09\/mockup-logo-zoo-1-1024x683.jpg 1024w, https:\/\/next26657.elev.nextkbh.dk\/wp-content\/uploads\/2025\/09\/mockup-logo-zoo-1-300x200.jpg 300w, https:\/\/next26657.elev.nextkbh.dk\/wp-content\/uploads\/2025\/09\/mockup-logo-zoo-1-768x512.jpg 768w, https:\/\/next26657.elev.nextkbh.dk\/wp-content\/uploads\/2025\/09\/mockup-logo-zoo-1-1536x1024.jpg 1536w, https:\/\/next26657.elev.nextkbh.dk\/wp-content\/uploads\/2025\/09\/mockup-logo-zoo-1-2048x1365.jpg 2048w\" sizes=\"auto, (max-width: 1024px) 100vw, 1024px\" \/><\/figure><\/div>\n\n\n<div class=\"wp-block-columns is-layout-flex wp-container-core-columns-is-layout-9d6595d7 wp-block-columns-is-layout-flex\">\n<div class=\"wp-block-column is-layout-flow wp-block-column-is-layout-flow\" style=\"flex-basis:33.33%\">\n<h4 class=\"wp-block-heading\">Rentegning af logo<\/h4>\n\n\n\n<p class=\"has-black-color has-text-color has-link-color wp-elements-83fe355866e36bb5ee183c523fff3078\">I Illustrator rentegnede jeg logoet ud fra den udleverede AI-fil. Jeg brugte Merriweather som skrifttype og s\u00f8rgede for, at alle elementer blev pr\u00e6cist genskabt, s\u00e5 logoet kan bruges i b\u00e5de tryk og digitalt uden at miste kvalitet.Jeg eksperimenterede med forskellige farvekombinationer og besluttede at bruge gr\u00f8n og orange, s\u00e5 logoet kom til at h\u00e6nge sammen med folderens visuelle stil. Mit fokus var at skabe et im\u00f8dekommende og genkendeligt udtryk, der passede til b\u00f8rnefamilier som m\u00e5lgruppe.<\/p>\n<\/div>\n\n\n\n<div class=\"wp-block-column is-layout-flow wp-block-column-is-layout-flow\" style=\"flex-basis:66.66%\">\n<figure class=\"wp-block-image size-full is-resized\"><img loading=\"lazy\" decoding=\"async\" width=\"512\" height=\"512\" src=\"https:\/\/next26657.elev.nextkbh.dk\/wp-content\/uploads\/2025\/09\/logo-zoo-01-1.png\" alt=\"\" class=\"wp-image-112\" style=\"width:291px;height:auto\" srcset=\"https:\/\/next26657.elev.nextkbh.dk\/wp-content\/uploads\/2025\/09\/logo-zoo-01-1.png 512w, https:\/\/next26657.elev.nextkbh.dk\/wp-content\/uploads\/2025\/09\/logo-zoo-01-1-300x300.png 300w, https:\/\/next26657.elev.nextkbh.dk\/wp-content\/uploads\/2025\/09\/logo-zoo-01-1-150x150.png 150w\" sizes=\"auto, (max-width: 512px) 100vw, 512px\" \/><\/figure>\n<\/div>\n<\/div>\n\n\n\n<div class=\"wp-block-columns is-layout-flex wp-container-core-columns-is-layout-9d6595d7 wp-block-columns-is-layout-flex\">\n<div class=\"wp-block-column is-layout-flow wp-block-column-is-layout-flow\" style=\"flex-basis:40%\">\n<figure class=\"wp-block-image alignwide size-large\"><img loading=\"lazy\" decoding=\"async\" width=\"2560\" height=\"1920\" src=\"https:\/\/next26657.elev.nextkbh.dk\/wp-content\/uploads\/2025\/09\/square-embroidered-patch-mockup-1-edited-2-scaled.jpg\" alt=\"\" class=\"wp-image-210\" srcset=\"https:\/\/next26657.elev.nextkbh.dk\/wp-content\/uploads\/2025\/09\/square-embroidered-patch-mockup-1-edited-2-scaled.jpg 2560w, https:\/\/next26657.elev.nextkbh.dk\/wp-content\/uploads\/2025\/09\/square-embroidered-patch-mockup-1-edited-2-300x225.jpg 300w, https:\/\/next26657.elev.nextkbh.dk\/wp-content\/uploads\/2025\/09\/square-embroidered-patch-mockup-1-edited-2-1024x768.jpg 1024w, https:\/\/next26657.elev.nextkbh.dk\/wp-content\/uploads\/2025\/09\/square-embroidered-patch-mockup-1-edited-2-768x576.jpg 768w, https:\/\/next26657.elev.nextkbh.dk\/wp-content\/uploads\/2025\/09\/square-embroidered-patch-mockup-1-edited-2-1536x1152.jpg 1536w, https:\/\/next26657.elev.nextkbh.dk\/wp-content\/uploads\/2025\/09\/square-embroidered-patch-mockup-1-edited-2-2048x1536.jpg 2048w\" sizes=\"auto, (max-width: 2560px) 100vw, 2560px\" \/><\/figure>\n<\/div>\n\n\n\n<div class=\"wp-block-column is-layout-flow wp-block-column-is-layout-flow\" style=\"flex-basis:66.66%\">\n<h4 class=\"wp-block-heading has-text-align-right\">Broderet logo patch<\/h4>\n\n\n\n<p class=\"has-text-align-right has-black-color has-text-color has-link-color wp-elements-fb249347e7f33de9849ea7ef95af5d91\">Jeg har i forbindelse med at skabe deres logo, designet Roskilde Zoo\u00b4s medarbejdere work patches. Som skal sidde p\u00e5 deres arbejdst\u00f8j. Eks. jakker, bukser, huer og merch hvis de vil. <\/p>\n\n\n\n<p class=\"has-text-align-right has-black-color has-text-color has-link-color wp-elements-ee9a3d62f66d73c8f80f5e05de50c886\">Jeg tog logoet og puttede det ind i en skabelon som de havde sendt mig. Efter det tog jeg den orange farve op igen som jeg havde overvejet tidligere, da den vil fungere godt som en baggrunds farve.<\/p>\n<\/div>\n<\/div>\n\n\n\n<div class=\"wp-block-columns is-layout-flex wp-container-core-columns-is-layout-9d6595d7 wp-block-columns-is-layout-flex\">\n<div class=\"wp-block-column is-layout-flow wp-block-column-is-layout-flow\" style=\"flex-basis:80%\"><\/div>\n\n\n\n<div class=\"wp-block-column is-layout-flow wp-block-column-is-layout-flow\" style=\"flex-basis:20%\">\n<div class=\"wp-block-media-text has-media-on-the-right is-stacked-on-mobile\" style=\"grid-template-columns:auto 30%\"><div class=\"wp-block-media-text__content\">\n<p>Program brugt<\/p>\n<\/div><figure class=\"wp-block-media-text__media\"><img loading=\"lazy\" decoding=\"async\" width=\"227\" height=\"222\" src=\"https:\/\/next26657.elev.nextkbh.dk\/wp-content\/uploads\/2025\/09\/ai1.png\" alt=\"\" class=\"wp-image-151 size-full\"\/><\/figure><\/div>\n<\/div>\n<\/div>\n","protected":false},"excerpt":{"rendered":"<p>Rentegning af logo I Illustrator rentegnede jeg logoet ud fra [&hellip;]<\/p>\n","protected":false},"author":1,"featured_media":0,"parent":0,"menu_order":0,"comment_status":"closed","ping_status":"closed","template":"","meta":{"footnotes":""},"class_list":["post-34","page","type-page","status-publish","hentry"],"_links":{"self":[{"href":"https:\/\/next26657.elev.nextkbh.dk\/index.php?rest_route=\/wp\/v2\/pages\/34","targetHints":{"allow":["GET"]}}],"collection":[{"href":"https:\/\/next26657.elev.nextkbh.dk\/index.php?rest_route=\/wp\/v2\/pages"}],"about":[{"href":"https:\/\/next26657.elev.nextkbh.dk\/index.php?rest_route=\/wp\/v2\/types\/page"}],"author":[{"embeddable":true,"href":"https:\/\/next26657.elev.nextkbh.dk\/index.php?rest_route=\/wp\/v2\/users\/1"}],"replies":[{"embeddable":true,"href":"https:\/\/next26657.elev.nextkbh.dk\/index.php?rest_route=%2Fwp%2Fv2%2Fcomments&post=34"}],"version-history":[{"count":33,"href":"https:\/\/next26657.elev.nextkbh.dk\/index.php?rest_route=\/wp\/v2\/pages\/34\/revisions"}],"predecessor-version":[{"id":212,"href":"https:\/\/next26657.elev.nextkbh.dk\/index.php?rest_route=\/wp\/v2\/pages\/34\/revisions\/212"}],"wp:attachment":[{"href":"https:\/\/next26657.elev.nextkbh.dk\/index.php?rest_route=%2Fwp%2Fv2%2Fmedia&parent=34"}],"curies":[{"name":"wp","href":"https:\/\/api.w.org\/{rel}","templated":true}]}}