{"id":37,"date":"2025-09-03T07:33:51","date_gmt":"2025-09-03T07:33:51","guid":{"rendered":"https:\/\/next26657.elev.nextkbh.dk\/?page_id=37"},"modified":"2025-09-03T10:25:26","modified_gmt":"2025-09-03T10:25:26","slug":"billedebehandling","status":"publish","type":"page","link":"https:\/\/next26657.elev.nextkbh.dk\/?page_id=37","title":{"rendered":"Billedebehandling"},"content":{"rendered":"\n<p><\/p>\n\n\n\n<div class=\"wp-block-columns is-layout-flex wp-container-core-columns-is-layout-9d6595d7 wp-block-columns-is-layout-flex\">\n<div class=\"wp-block-column is-layout-flow wp-block-column-is-layout-flow\" style=\"flex-basis:33.33%\">\n<h4 class=\"wp-block-heading has-black-color has-text-color has-link-color wp-elements-a276162704814f949e2487f226078315\">Fr\u00f8en p\u00e5 forsiden<\/h4>\n\n\n\n<p class=\"has-black-color has-text-color has-link-color wp-elements-9324664e4329884a726c2304870f33e2\">Jeg gjorde hele billedet sort\/hvid, men lod fr\u00f8ens \u00f8je forblive i farve. Derefter justerede jeg \u00f8jets r\u00f8dlige tone og fremh\u00e6vede detaljerne, s\u00e5 det fik en tydelig kontrast og blev blikfang p\u00e5 forsiden.<\/p>\n<\/div>\n\n\n\n<div class=\"wp-block-column is-layout-flow wp-block-column-is-layout-flow\" style=\"flex-basis:66.66%\">\n<figure class=\"wp-block-image size-large\"><img loading=\"lazy\" decoding=\"async\" width=\"1024\" height=\"678\" src=\"https:\/\/next26657.elev.nextkbh.dk\/wp-content\/uploads\/2025\/09\/froe_forside-1-1024x678.jpg\" alt=\"\" class=\"wp-image-46\" srcset=\"https:\/\/next26657.elev.nextkbh.dk\/wp-content\/uploads\/2025\/09\/froe_forside-1-1024x678.jpg 1024w, https:\/\/next26657.elev.nextkbh.dk\/wp-content\/uploads\/2025\/09\/froe_forside-1-300x199.jpg 300w, https:\/\/next26657.elev.nextkbh.dk\/wp-content\/uploads\/2025\/09\/froe_forside-1-768x509.jpg 768w, https:\/\/next26657.elev.nextkbh.dk\/wp-content\/uploads\/2025\/09\/froe_forside-1-1536x1017.jpg 1536w, https:\/\/next26657.elev.nextkbh.dk\/wp-content\/uploads\/2025\/09\/froe_forside-1-2048x1356.jpg 2048w\" sizes=\"auto, (max-width: 1024px) 100vw, 1024px\" \/><\/figure>\n<\/div>\n<\/div>\n\n\n\n<div style=\"height:35px\" aria-hidden=\"true\" class=\"wp-block-spacer\"><\/div>\n\n\n\n<div class=\"wp-block-columns is-layout-flex wp-container-core-columns-is-layout-9d6595d7 wp-block-columns-is-layout-flex\">\n<div class=\"wp-block-column is-layout-flow wp-block-column-is-layout-flow\" style=\"flex-basis:33.33%\">\n<h4 class=\"wp-block-heading has-black-color has-text-color has-link-color wp-elements-8d76f716d90e925850e9ce6758574589\">Slangehovedet<\/h4>\n\n\n\n<p class=\"has-black-color has-text-color has-link-color wp-elements-27621d0791c6513d36dc055484407ac7\">Jeg frilagde slangen ved hj\u00e6lp af markerings-v\u00e6rkt\u00f8jer og lagmasker. For at f\u00e5 et rent og professionelt resultat udj\u00e6vnede jeg kanterne og tilpassede billedet, s\u00e5 det passede ind i layoutet. Til sidst gemte jeg begge billeder i CMYK og i den rette opl\u00f8sning, s\u00e5 de var klar til tryk.<\/p>\n<\/div>\n\n\n\n<div class=\"wp-block-column is-layout-flow wp-block-column-is-layout-flow\" style=\"flex-basis:66.66%\">\n<figure class=\"wp-block-image size-large\"><img loading=\"lazy\" decoding=\"async\" width=\"1024\" height=\"678\" src=\"https:\/\/next26657.elev.nextkbh.dk\/wp-content\/uploads\/2025\/09\/slangehoved3-1024x678.jpg\" alt=\"\" class=\"wp-image-75\" srcset=\"https:\/\/next26657.elev.nextkbh.dk\/wp-content\/uploads\/2025\/09\/slangehoved3-1024x678.jpg 1024w, https:\/\/next26657.elev.nextkbh.dk\/wp-content\/uploads\/2025\/09\/slangehoved3-300x199.jpg 300w, https:\/\/next26657.elev.nextkbh.dk\/wp-content\/uploads\/2025\/09\/slangehoved3-768x509.jpg 768w, https:\/\/next26657.elev.nextkbh.dk\/wp-content\/uploads\/2025\/09\/slangehoved3-1536x1017.jpg 1536w, https:\/\/next26657.elev.nextkbh.dk\/wp-content\/uploads\/2025\/09\/slangehoved3-2048x1356.jpg 2048w\" sizes=\"auto, (max-width: 1024px) 100vw, 1024px\" \/><\/figure>\n<\/div>\n<\/div>\n\n\n\n<div style=\"height:40px\" aria-hidden=\"true\" class=\"wp-block-spacer\"><\/div>\n\n\n\n<div class=\"wp-block-columns is-layout-flex wp-container-core-columns-is-layout-9d6595d7 wp-block-columns-is-layout-flex\">\n<div class=\"wp-block-column is-layout-flow wp-block-column-is-layout-flow\" style=\"flex-basis:80%\"><\/div>\n\n\n\n<div class=\"wp-block-column is-layout-flow wp-block-column-is-layout-flow\" style=\"flex-basis:20%\">\n<div class=\"wp-block-media-text has-media-on-the-right is-stacked-on-mobile\" style=\"grid-template-columns:auto 30%\"><div class=\"wp-block-media-text__content\">\n<p>Program brugt<\/p>\n<\/div><figure class=\"wp-block-media-text__media\"><img loading=\"lazy\" decoding=\"async\" width=\"739\" height=\"720\" src=\"https:\/\/next26657.elev.nextkbh.dk\/wp-content\/uploads\/2025\/09\/photoshop-5977809_960_720-5.png\" alt=\"\" class=\"wp-image-143 size-full\" srcset=\"https:\/\/next26657.elev.nextkbh.dk\/wp-content\/uploads\/2025\/09\/photoshop-5977809_960_720-5.png 739w, https:\/\/next26657.elev.nextkbh.dk\/wp-content\/uploads\/2025\/09\/photoshop-5977809_960_720-5-300x292.png 300w\" sizes=\"auto, (max-width: 739px) 100vw, 739px\" \/><\/figure><\/div>\n<\/div>\n<\/div>\n","protected":false},"excerpt":{"rendered":"<p>Fr\u00f8en p\u00e5 forsiden Jeg gjorde hele billedet sort\/hvid, men lod [&hellip;]<\/p>\n","protected":false},"author":1,"featured_media":0,"parent":0,"menu_order":0,"comment_status":"closed","ping_status":"closed","template":"","meta":{"footnotes":""},"class_list":["post-37","page","type-page","status-publish","hentry"],"_links":{"self":[{"href":"https:\/\/next26657.elev.nextkbh.dk\/index.php?rest_route=\/wp\/v2\/pages\/37","targetHints":{"allow":["GET"]}}],"collection":[{"href":"https:\/\/next26657.elev.nextkbh.dk\/index.php?rest_route=\/wp\/v2\/pages"}],"about":[{"href":"https:\/\/next26657.elev.nextkbh.dk\/index.php?rest_route=\/wp\/v2\/types\/page"}],"author":[{"embeddable":true,"href":"https:\/\/next26657.elev.nextkbh.dk\/index.php?rest_route=\/wp\/v2\/users\/1"}],"replies":[{"embeddable":true,"href":"https:\/\/next26657.elev.nextkbh.dk\/index.php?rest_route=%2Fwp%2Fv2%2Fcomments&post=37"}],"version-history":[{"count":34,"href":"https:\/\/next26657.elev.nextkbh.dk\/index.php?rest_route=\/wp\/v2\/pages\/37\/revisions"}],"predecessor-version":[{"id":165,"href":"https:\/\/next26657.elev.nextkbh.dk\/index.php?rest_route=\/wp\/v2\/pages\/37\/revisions\/165"}],"wp:attachment":[{"href":"https:\/\/next26657.elev.nextkbh.dk\/index.php?rest_route=%2Fwp%2Fv2%2Fmedia&parent=37"}],"curies":[{"name":"wp","href":"https:\/\/api.w.org\/{rel}","templated":true}]}}