{"id":7,"date":"2025-09-03T07:03:22","date_gmt":"2025-09-03T07:03:22","guid":{"rendered":"https:\/\/next26657.elev.nextkbh.dk\/?page_id=7"},"modified":"2025-09-03T09:42:31","modified_gmt":"2025-09-03T09:42:31","slug":"forside","status":"publish","type":"page","link":"https:\/\/next26657.elev.nextkbh.dk\/?page_id=7","title":{"rendered":"Folder Zoo"},"content":{"rendered":"\n<div class=\"wp-block-columns is-layout-flex wp-container-core-columns-is-layout-9d6595d7 wp-block-columns-is-layout-flex\">\n<div class=\"wp-block-column is-layout-flow wp-block-column-is-layout-flow\">\n<figure class=\"wp-block-image size-large\"><img loading=\"lazy\" decoding=\"async\" width=\"1024\" height=\"768\" src=\"https:\/\/next26657.elev.nextkbh.dk\/wp-content\/uploads\/2025\/09\/horizontal-brochure-mockup1-1-1024x768.png\" alt=\"\" class=\"wp-image-119\" srcset=\"https:\/\/next26657.elev.nextkbh.dk\/wp-content\/uploads\/2025\/09\/horizontal-brochure-mockup1-1-1024x768.png 1024w, https:\/\/next26657.elev.nextkbh.dk\/wp-content\/uploads\/2025\/09\/horizontal-brochure-mockup1-1-300x225.png 300w, https:\/\/next26657.elev.nextkbh.dk\/wp-content\/uploads\/2025\/09\/horizontal-brochure-mockup1-1-768x576.png 768w, https:\/\/next26657.elev.nextkbh.dk\/wp-content\/uploads\/2025\/09\/horizontal-brochure-mockup1-1-1536x1152.png 1536w, https:\/\/next26657.elev.nextkbh.dk\/wp-content\/uploads\/2025\/09\/horizontal-brochure-mockup1-1-2048x1536.png 2048w\" sizes=\"auto, (max-width: 1024px) 100vw, 1024px\" \/><\/figure>\n<\/div>\n\n\n\n<div class=\"wp-block-column is-layout-flow wp-block-column-is-layout-flow\">\n<figure class=\"wp-block-image size-large\"><img loading=\"lazy\" decoding=\"async\" width=\"1024\" height=\"768\" src=\"https:\/\/next26657.elev.nextkbh.dk\/wp-content\/uploads\/2025\/09\/horizontal-brochure-mockup4-1-1024x768.png\" alt=\"\" class=\"wp-image-120\" srcset=\"https:\/\/next26657.elev.nextkbh.dk\/wp-content\/uploads\/2025\/09\/horizontal-brochure-mockup4-1-1024x768.png 1024w, https:\/\/next26657.elev.nextkbh.dk\/wp-content\/uploads\/2025\/09\/horizontal-brochure-mockup4-1-300x225.png 300w, https:\/\/next26657.elev.nextkbh.dk\/wp-content\/uploads\/2025\/09\/horizontal-brochure-mockup4-1-768x576.png 768w, https:\/\/next26657.elev.nextkbh.dk\/wp-content\/uploads\/2025\/09\/horizontal-brochure-mockup4-1-1536x1152.png 1536w, https:\/\/next26657.elev.nextkbh.dk\/wp-content\/uploads\/2025\/09\/horizontal-brochure-mockup4-1-2048x1536.png 2048w\" sizes=\"auto, (max-width: 1024px) 100vw, 1024px\" \/><\/figure>\n<\/div>\n<\/div>\n\n\n\n<div class=\"wp-block-columns is-layout-flex wp-container-core-columns-is-layout-9d6595d7 wp-block-columns-is-layout-flex\">\n<div class=\"wp-block-column is-layout-flow wp-block-column-is-layout-flow\">\n<figure class=\"wp-block-image size-large\"><img loading=\"lazy\" decoding=\"async\" width=\"1024\" height=\"768\" src=\"https:\/\/next26657.elev.nextkbh.dk\/wp-content\/uploads\/2025\/09\/horizontal-brochure-mockup3-1024x768.png\" alt=\"\" class=\"wp-image-121\" srcset=\"https:\/\/next26657.elev.nextkbh.dk\/wp-content\/uploads\/2025\/09\/horizontal-brochure-mockup3-1024x768.png 1024w, https:\/\/next26657.elev.nextkbh.dk\/wp-content\/uploads\/2025\/09\/horizontal-brochure-mockup3-300x225.png 300w, https:\/\/next26657.elev.nextkbh.dk\/wp-content\/uploads\/2025\/09\/horizontal-brochure-mockup3-768x576.png 768w, https:\/\/next26657.elev.nextkbh.dk\/wp-content\/uploads\/2025\/09\/horizontal-brochure-mockup3-1536x1152.png 1536w, https:\/\/next26657.elev.nextkbh.dk\/wp-content\/uploads\/2025\/09\/horizontal-brochure-mockup3-2048x1536.png 2048w\" sizes=\"auto, (max-width: 1024px) 100vw, 1024px\" \/><\/figure>\n<\/div>\n\n\n\n<div class=\"wp-block-column is-layout-flow wp-block-column-is-layout-flow\">\n<figure class=\"wp-block-image size-large\"><img loading=\"lazy\" decoding=\"async\" width=\"1024\" height=\"768\" src=\"https:\/\/next26657.elev.nextkbh.dk\/wp-content\/uploads\/2025\/09\/horizontal-brochure-mockup2-1024x768.png\" alt=\"\" class=\"wp-image-122\" srcset=\"https:\/\/next26657.elev.nextkbh.dk\/wp-content\/uploads\/2025\/09\/horizontal-brochure-mockup2-1024x768.png 1024w, https:\/\/next26657.elev.nextkbh.dk\/wp-content\/uploads\/2025\/09\/horizontal-brochure-mockup2-300x225.png 300w, https:\/\/next26657.elev.nextkbh.dk\/wp-content\/uploads\/2025\/09\/horizontal-brochure-mockup2-768x576.png 768w, https:\/\/next26657.elev.nextkbh.dk\/wp-content\/uploads\/2025\/09\/horizontal-brochure-mockup2-1536x1152.png 1536w, https:\/\/next26657.elev.nextkbh.dk\/wp-content\/uploads\/2025\/09\/horizontal-brochure-mockup2-2048x1536.png 2048w\" sizes=\"auto, (max-width: 1024px) 100vw, 1024px\" \/><\/figure>\n<\/div>\n<\/div>\n\n\n\n<h3 class=\"wp-block-heading\">Process<\/h3>\n\n\n\n<p>Jeg startede med at s\u00e6tte dokumentet korrekt op i InDesign ud fra de m\u00e5l, margener og baseline grid, der stod i opgavebeskrivelsen. Derefter importerede jeg teksten fra roskildeZooTekst.docx og begyndte at arbejde med typografien. Jeg fulgte de fastlagte krav til skrifttyper og rubrikniveauer, men jeg justerede ops\u00e6tningen, s\u00e5 der blev skabt et tydeligt hierarki mellem rubrikker, mellemrubrikker og br\u00f8dtekst.<br>Jeg valgte at bruge farverne gr\u00f8n og orange konsekvent, fordi de b\u00e5de matcher Roskilde Zoos identitet og giver et venligt udtryk, der tiltaler b\u00f8rnefamilier. For at sikre en p\u00e6n spalteops\u00e6tning brugte jeg de angivne hyphenation- og justification-indstillinger, hvilket gjorde teksten let at l\u00e6se og visuelt harmonisk.<\/p>\n\n\n\n<p>M\u00e5l p\u00e5 folder (148&#215;210 mm)<\/p>\n\n\n\n<div class=\"wp-block-columns is-layout-flex wp-container-core-columns-is-layout-9d6595d7 wp-block-columns-is-layout-flex\">\n<div class=\"wp-block-column is-layout-flow wp-block-column-is-layout-flow\" style=\"flex-basis:80%\"><\/div>\n\n\n\n<div class=\"wp-block-column is-layout-flow wp-block-column-is-layout-flow\" style=\"flex-basis:20%\">\n<div class=\"wp-block-media-text has-media-on-the-right is-stacked-on-mobile\" style=\"grid-template-columns:auto 30%\"><div class=\"wp-block-media-text__content\">\n<p>Program brugt<\/p>\n<\/div><figure class=\"wp-block-media-text__media\"><img loading=\"lazy\" decoding=\"async\" width=\"1024\" height=\"998\" src=\"https:\/\/next26657.elev.nextkbh.dk\/wp-content\/uploads\/2025\/09\/Adobe_InDesign_CC_icon.svg1_-1-1024x998.png\" alt=\"\" class=\"wp-image-135 size-full\" srcset=\"https:\/\/next26657.elev.nextkbh.dk\/wp-content\/uploads\/2025\/09\/Adobe_InDesign_CC_icon.svg1_-1-1024x998.png 1024w, https:\/\/next26657.elev.nextkbh.dk\/wp-content\/uploads\/2025\/09\/Adobe_InDesign_CC_icon.svg1_-1-300x293.png 300w, https:\/\/next26657.elev.nextkbh.dk\/wp-content\/uploads\/2025\/09\/Adobe_InDesign_CC_icon.svg1_-1-768x749.png 768w, https:\/\/next26657.elev.nextkbh.dk\/wp-content\/uploads\/2025\/09\/Adobe_InDesign_CC_icon.svg1_-1.png 1200w\" sizes=\"auto, (max-width: 1024px) 100vw, 1024px\" \/><\/figure><\/div>\n<\/div>\n<\/div>\n","protected":false},"excerpt":{"rendered":"<p>Process Jeg startede med at s\u00e6tte dokumentet korrekt op i [&hellip;]<\/p>\n","protected":false},"author":1,"featured_media":0,"parent":0,"menu_order":0,"comment_status":"closed","ping_status":"closed","template":"","meta":{"footnotes":""},"class_list":["post-7","page","type-page","status-publish","hentry"],"_links":{"self":[{"href":"https:\/\/next26657.elev.nextkbh.dk\/index.php?rest_route=\/wp\/v2\/pages\/7","targetHints":{"allow":["GET"]}}],"collection":[{"href":"https:\/\/next26657.elev.nextkbh.dk\/index.php?rest_route=\/wp\/v2\/pages"}],"about":[{"href":"https:\/\/next26657.elev.nextkbh.dk\/index.php?rest_route=\/wp\/v2\/types\/page"}],"author":[{"embeddable":true,"href":"https:\/\/next26657.elev.nextkbh.dk\/index.php?rest_route=\/wp\/v2\/users\/1"}],"replies":[{"embeddable":true,"href":"https:\/\/next26657.elev.nextkbh.dk\/index.php?rest_route=%2Fwp%2Fv2%2Fcomments&post=7"}],"version-history":[{"count":22,"href":"https:\/\/next26657.elev.nextkbh.dk\/index.php?rest_route=\/wp\/v2\/pages\/7\/revisions"}],"predecessor-version":[{"id":141,"href":"https:\/\/next26657.elev.nextkbh.dk\/index.php?rest_route=\/wp\/v2\/pages\/7\/revisions\/141"}],"wp:attachment":[{"href":"https:\/\/next26657.elev.nextkbh.dk\/index.php?rest_route=%2Fwp%2Fv2%2Fmedia&parent=7"}],"curies":[{"name":"wp","href":"https:\/\/api.w.org\/{rel}","templated":true}]}}